{"id":1662,"date":"2025-03-25T17:33:38","date_gmt":"2025-03-25T21:33:38","guid":{"rendered":"https:\/\/shoplocal.futurpreneur.ca\/?page_id=1662"},"modified":"2025-03-25T17:34:36","modified_gmt":"2025-03-25T21:34:36","slug":"laccessibilite","status":"publish","type":"page","link":"https:\/\/shoplocal.futurpreneur.ca\/fr\/laccessibilite\/","title":{"rendered":"Loi sur l\u2019Accessibilit\u00e9 pour les personnes handicap\u00e9es de l\u2019Ontario (APHO)"},"content":{"rendered":"\n<p>En 2005, le gouvernement de l\u2019Ontario a vot\u00e9 la Loi sur l\u2019Accessibilit\u00e9 pour les personnes handicap\u00e9es de l\u2019Ontario (APHO), laquelle r\u00e9git la prestation de services \u00e0 tous les Ontariens, en particulier ceux qui pr\u00e9sentent des handicaps. L\u2019objectif est de faire en sorte que tous les biens et services de l\u2019Ontario soient accessibles aux personnes handicap\u00e9es d\u2019ici 2025.<\/p>\n\n\n\n<p>En vertu de l\u2019APHO, Futurpreneur Canada a \u00e9labor\u00e9 une Politique relative \u00e0 l\u2019accessibilit\u00e9 pour les services \u00e0 la client\u00e8le visant \u00e0 respecter les principes du respect de la dignit\u00e9, de l\u2019autonomie, de l\u2019int\u00e9gration et de l\u2019\u00e9quit\u00e9 pour tous ses clients et intervenants handicap\u00e9s, en conformit\u00e9 avec la Loi de 2005 sur l\u2019Accessibilit\u00e9 pour les personnes handicap\u00e9es de l\u2019Ontario.<\/p>\n\n\n\n<h2 class=\"wp-block-heading\">Plus d\u2019information<\/h2>\n\n\n\n<p><a href=\"https:\/\/futurpreneur.ca\/wp-content\/uploads\/2024\/04\/Aoda-statement-of-commitment_Draft_AUG2021-FR_Final_SIGNED1.pdf\">D\u00e9claration d\u2019engagement en faveur de l\u2019accessibilit\u00e9<\/a>&nbsp;de Futurpreneur Canada.&nbsp;<a href=\"https:\/\/futurpreneur.ca\/wp-content\/uploads\/2024\/04\/Accessibility-Customer-Service-Policy-Ontario-Province_FINAL_FR.pdf\" target=\"_blank\" rel=\"noreferrer noopener\">Politique relative \u00e0 l\u2019accessibilit\u00e9 pour les services \u00e0 la client\u00e8le<\/a>&nbsp;de Futurpreneur Canada.&nbsp;<a href=\"https:\/\/futurpreneur.ca\/wp-content\/uploads\/2024\/11\/Multi%E2%80%90Year-Accessibility-Plan-FP-2021-2025_Final.pdf\">Plan pluriannuel sur l\u2019 accessibilit\u00e9 2021-2025<\/a>&nbsp;(Seulement en anglais)&nbsp;de Futurpreneur Canada.<\/p>\n\n\n\n<h3 class=\"wp-block-heading\">Nous vous invitons \u00e0 nous faire part de vos questions et de vos commentaires directement par \u00e9crit ou en personne :<\/h3>\n\n\n\n<p><strong>Par courriel<\/strong>&nbsp;:&nbsp;<a href=\"mailto:accessibility@futurpreneur.ca\" target=\"_blank\" rel=\"noreferrer noopener\">accessibility@futurpreneur.ca<\/a><\/p>\n\n\n\n<p><strong>Par t\u00e9l\u00e9phone<\/strong>&nbsp;: 416-408-2923<\/p>\n\n\n\n<p><strong>Par la poste<\/strong>&nbsp;:<br>\u00c0 l\u2019attention de : Talent &amp; Culture<br>33 Yonge St. Suite 1100<br>Toronto ON M5E 1G4<\/p>\n","protected":false},"excerpt":{"rendered":"<p>En 2005, le gouvernement de l\u2019Ontario a vot\u00e9 la Loi sur l\u2019Accessibilit\u00e9 pour les personnes handicap\u00e9es de l\u2019Ontario (APHO), laquelle r\u00e9git la prestation de services \u00e0 tous les Ontariens, en particulier ceux qui pr\u00e9sentent des handicaps. L\u2019objectif est de faire en sorte que tous les biens et services de l\u2019Ontario soient accessibles aux personnes handicap\u00e9es [&hellip;]<\/p>\n","protected":false},"author":2,"featured_media":1616,"parent":0,"menu_order":0,"comment_status":"closed","ping_status":"closed","template":"","meta":{"_acf_changed":false,"footnotes":""},"class_list":["post-1662","page","type-page","status-publish","has-post-thumbnail","hentry"],"acf":[],"_links":{"self":[{"href":"https:\/\/shoplocal.futurpreneur.ca\/fr\/wp-json\/wp\/v2\/pages\/1662","targetHints":{"allow":["GET"]}}],"collection":[{"href":"https:\/\/shoplocal.futurpreneur.ca\/fr\/wp-json\/wp\/v2\/pages"}],"about":[{"href":"https:\/\/shoplocal.futurpreneur.ca\/fr\/wp-json\/wp\/v2\/types\/page"}],"author":[{"embeddable":true,"href":"https:\/\/shoplocal.futurpreneur.ca\/fr\/wp-json\/wp\/v2\/users\/2"}],"replies":[{"embeddable":true,"href":"https:\/\/shoplocal.futurpreneur.ca\/fr\/wp-json\/wp\/v2\/comments?post=1662"}],"version-history":[{"count":0,"href":"https:\/\/shoplocal.futurpreneur.ca\/fr\/wp-json\/wp\/v2\/pages\/1662\/revisions"}],"wp:featuredmedia":[{"embeddable":true,"href":"https:\/\/shoplocal.futurpreneur.ca\/fr\/wp-json\/wp\/v2\/media\/1616"}],"wp:attachment":[{"href":"https:\/\/shoplocal.futurpreneur.ca\/fr\/wp-json\/wp\/v2\/media?parent=1662"}],"curies":[{"name":"wp","href":"https:\/\/api.w.org\/{rel}","templated":true}]}}